{"id":2064,"date":"2023-02-24T13:45:43","date_gmt":"2023-02-24T12:45:43","guid":{"rendered":"https:\/\/staging.tentoo.be\/evenements\/"},"modified":"2023-11-03T15:50:27","modified_gmt":"2023-11-03T14:50:27","slug":"evenements","status":"publish","type":"page","link":"https:\/\/staging.tentoo.be\/fr\/evenements\/","title":{"rendered":"\u00c9v\u00e9nements"},"content":{"rendered":"<!--\n Title: Intro\n-->\n\n<div class=\"gc-intro\" >\n    <!--\n\tTitle: Container\n\tMode: preview\n\tSupportsJSX: true\n-->\n\n\n<div class=\"gc-container\">\n\t<div class=\"gc-breadcrumbs\">\n    [rank_math_breadcrumb]<\/div>\n        <h1 class=\"gc-intro__title\">\n            \u00c9v\u00e9nements\n        <\/h1>\n                            <div class=\"gc-intro__description\">\n                <p>Vous vous posez encore des questions en tant que freelance (d\u00e9butant) ?<br \/>\nDans ce cas, gardez un \u0153il sur notre agenda rempli d&rsquo;\u00e9v\u00e9nements (online et offline).<br \/>\nNous organisons r\u00e9guli\u00e8rement d&rsquo;excellentes rencontres pour les freelances d\u00e9butants et exp\u00e9riment\u00e9s.<\/p>\n<p>\u00c0 bient\u00f4t?<\/p>\n\n            <\/div>\n<\/div>\n<\/div>\n\n\n<!--\n\tTitle: Events Overview\n-->\n\n<section class=\"gc-events-overview\" id=newsletter>\n\t<!--\n\tTitle: Container\n\tMode: preview\n\tSupportsJSX: true\n-->\n\n\n<div class=\"gc-container  gc-container--has-margin gc-events-overview__container\">\n\t<ul class=\"gc-events-overview__list\">\n\t\t\t\t\t\t\t<li class=\"gc-event-item gc-event-item--overview\">\n    <div class=\"gc-event-item__thumbnail-wrapper\">\n        <img loading=\"lazy\" decoding=\"async\" width=\"1024\" height=\"683\" src=\"https:\/\/staging.tentoo.be\/wp-content\/uploads\/Copyright-JelleJansegersPhotography-SMA-Tentoo-31-01-3661-310123-0012-1024x683.jpg\" class=\"gc-event-item__thumbnail\" alt=\"2 collega&#039;s lachen aan laptop\" srcset=\"https:\/\/staging.tentoo.be\/wp-content\/uploads\/Copyright-JelleJansegersPhotography-SMA-Tentoo-31-01-3661-310123-0012-1024x683.jpg 1024w, https:\/\/staging.tentoo.be\/wp-content\/uploads\/Copyright-JelleJansegersPhotography-SMA-Tentoo-31-01-3661-310123-0012-300x200.jpg 300w, https:\/\/staging.tentoo.be\/wp-content\/uploads\/Copyright-JelleJansegersPhotography-SMA-Tentoo-31-01-3661-310123-0012-768x512.jpg 768w, https:\/\/staging.tentoo.be\/wp-content\/uploads\/Copyright-JelleJansegersPhotography-SMA-Tentoo-31-01-3661-310123-0012-1536x1024.jpg 1536w, https:\/\/staging.tentoo.be\/wp-content\/uploads\/Copyright-JelleJansegersPhotography-SMA-Tentoo-31-01-3661-310123-0012-2048x1365.jpg 2048w\" sizes=\"auto, (max-width: 1024px) 100vw, 1024px\" \/>    <\/div>\n\n    <div class=\"gc-event-item__bottom\">\n        <h3 class=\"gc-event-item__title h4\">Comment devenir freelance sans avoir le status d&rsquo;ind\u00e9pendant?<\/h3>\n\n        \n        <div class=\"gc-event-item__category\">\n            O\u00f9 et quand vous voulez\n\n            \n        <\/div>\n\n        <div class=\"gc-event-item__excerpt\">\n            Vous voulez vous lancer dans le freelancing, mais le statut d&#039;ind\u00e9pendant vous rebute ? Dans ce webinaire, vous apprendrez comment travailler en free-lance sans devenir ind\u00e9pendant : la libert\u00e9 sans la complexit\u00e9 !\n        <\/div>\n        <div class=\"gc-event-item__button-wrapper\">\n            <a class=\"gc-button gc-button--arrow-transparent\" role=\"button\" href=\"https:\/\/staging.tentoo.be\/fr\/evenement\/comment-devenir-freelance-sans-avoir-le-status-dindependant\/\">\n\t\tEn savoir plus\n            <svg class='gc-button__icon' xmlns=\"http:\/\/www.w3.org\/2000\/svg\" viewBox=\"0 0 256 512\"><!--! Font Awesome Pro 6.0.0 by @fontawesome - https:\/\/fontawesome.com License - https:\/\/fontawesome.com\/license (Commercial License) Copyright 2022 Fonticons, Inc. --><path d=\"M89.45 87.5l143.1 152c4.375 4.625 6.562 10.56 6.562 16.5c0 5.937-2.188 11.87-6.562 16.5l-143.1 152C80.33 434.1 65.14 434.5 55.52 425.4c-9.688-9.125-10.03-24.38-.9375-33.94l128.4-135.5l-128.4-135.5C45.49 110.9 45.83 95.75 55.52 86.56C65.14 77.47 80.33 77.87 89.45 87.5z\"\/><\/svg>\n\t<\/a>        <\/div>\n    <\/div>\n<\/li>\n\t\t\t\t\t<\/ul>\n\n\t\t<div class=\"gc-events-overview__sidebar\">\n\t\t\t<div class=\"gc-events-overview__sidebar-box\">\n\t\t\t\t<h2 class=\"gc-events-overview__title h3\">Restez \u00e0 l&rsquo;\u00e9coute<\/h2>\n\t\t\t\t\n\t\t\t\t<h3 class=\"gc-events-overview__subtitle h5\">Inscrivez-vous \u00e0 la newsletter et recevez des conseils utiles !<\/h3>\n\t\t\t\t\n\t\t\t\t<div class=\"gc-events-overview__description\"><p>Vous voulez rester au courant des astuces et des changements dans le monde des freelances ? Alors, inscrivez-vous \u00e0 notre newsletter d\u00e8s maintenant.<\/p>\n<p><em>(Nous ne vous enverrons pas de spam hebdomadaire, promis !)<\/em><\/p>\n<\/div>\n\n\t\t\t\t\t\t\t\t\t<div class=\"gc-events-overview__form\">\n\t\t\t\t\t\t[gravityform id=\u00a0\u00bb1&Prime; ajax=\u00a0\u00bbtrue\u00a0\u00bb title=\u00a0\u00bbfalse\u00a0\u00bb description=\u00a0\u00bbfalse\u00a0\u00bb]\t\t\t\t\t<\/div>\n\t\t\t\t\t\t\t<\/div>\n\t\t<\/div>\n<\/div>\n<\/section>\n\n<!--\n Title: CTA\n-->\n\n<section class=\"gc-cta gc-cta--green gc-cta--image-position-right\" >\n            <div class=\"gc-cta__image-wrapper\">\n            <img loading=\"lazy\" decoding=\"async\" width=\"1080\" height=\"904\" src=\"https:\/\/staging.tentoo.be\/wp-content\/uploads\/FR-2-e1699023019287.png\" class=\"gc-cta__image\" alt=\"Screenshot webinar green background\" srcset=\"https:\/\/staging.tentoo.be\/wp-content\/uploads\/FR-2-e1699023019287.png 1080w, https:\/\/staging.tentoo.be\/wp-content\/uploads\/FR-2-e1699023019287-300x251.png 300w, https:\/\/staging.tentoo.be\/wp-content\/uploads\/FR-2-e1699023019287-1024x857.png 1024w, https:\/\/staging.tentoo.be\/wp-content\/uploads\/FR-2-e1699023019287-768x643.png 768w\" sizes=\"auto, (max-width: 1080px) 100vw, 1080px\" \/>        <\/div>\n    \n    <!--\n\tTitle: Container\n\tMode: preview\n\tSupportsJSX: true\n-->\n\n\n<div class=\"gc-container   gc-cta__content-wrapper\">\n\t<div class=\"gc-cta__content\">\n            <h2 class=\"gc-cta__title\">\n                VOUS PR\u00c9F\u00c9REZ SUIVRE LE WEBINAIRE AU MOMENT QUI VOUS CONVIENT LE MIEUX ?\n            <\/h2>\n\n                            <div class=\"gc-cta__subtitle h4\">\n                    Entrez votre adresse e-mail ci-dessous et recevez un t\u00e9l\u00e9chargement gratuit de notre webinaire dans votre bo\u00eete aux lettres.\n                <\/div>\n            \n            \n                                                        <div class=\"gc-cta__form\">\n                            [gravityform id=\u00a0\u00bb6&Prime; ajax=\u00a0\u00bbtrue\u00a0\u00bb title=\u00a0\u00bbfalse\u00a0\u00bb description=\u00a0\u00bbfalse\u00a0\u00bb]\n                        <\/div>\n                                            <\/div>\n<\/div>\n<\/section>\n","protected":false},"excerpt":{"rendered":"","protected":false},"author":2,"featured_media":0,"parent":0,"menu_order":0,"comment_status":"closed","ping_status":"closed","template":"","meta":{"_acf_changed":false,"footnotes":""},"class_list":["post-2064","page","type-page","status-publish","hentry"],"acf":[],"_links":{"self":[{"href":"https:\/\/staging.tentoo.be\/fr\/wp-json\/wp\/v2\/pages\/2064","targetHints":{"allow":["GET"]}}],"collection":[{"href":"https:\/\/staging.tentoo.be\/fr\/wp-json\/wp\/v2\/pages"}],"about":[{"href":"https:\/\/staging.tentoo.be\/fr\/wp-json\/wp\/v2\/types\/page"}],"author":[{"embeddable":true,"href":"https:\/\/staging.tentoo.be\/fr\/wp-json\/wp\/v2\/users\/2"}],"replies":[{"embeddable":true,"href":"https:\/\/staging.tentoo.be\/fr\/wp-json\/wp\/v2\/comments?post=2064"}],"version-history":[{"count":10,"href":"https:\/\/staging.tentoo.be\/fr\/wp-json\/wp\/v2\/pages\/2064\/revisions"}],"predecessor-version":[{"id":6302,"href":"https:\/\/staging.tentoo.be\/fr\/wp-json\/wp\/v2\/pages\/2064\/revisions\/6302"}],"wp:attachment":[{"href":"https:\/\/staging.tentoo.be\/fr\/wp-json\/wp\/v2\/media?parent=2064"}],"curies":[{"name":"wp","href":"https:\/\/api.w.org\/{rel}","templated":true}]}}