{"id":2073,"date":"2023-02-24T13:45:44","date_gmt":"2023-02-24T12:45:44","guid":{"rendered":"https:\/\/staging.tentoo.be\/passez-le-test\/"},"modified":"2023-12-05T12:29:01","modified_gmt":"2023-12-05T11:29:01","slug":"passez-le-test","status":"publish","type":"page","link":"https:\/\/staging.tentoo.be\/fr\/independants\/passez-le-test\/","title":{"rendered":"Test: payrolling ou statut d&rsquo;ind\u00e9pendant ?"},"content":{"rendered":"<!--\n    Title: Test Form\n-->\n\n<section class=\"gc-test-form\" >\n    <!--\n\tTitle: Container\n\tMode: preview\n\tSupportsJSX: true\n-->\n\n\n<div class=\"gc-container\">\n\t<div class=\"gc-breadcrumbs\">\n    [rank_math_breadcrumb]<\/div>\n<\/div>\n\n    \n    <!--\n\tTitle: Container\n\tMode: preview\n\tSupportsJSX: true\n-->\n\n\n<div class=\"gc-container\">\n\t<div class=\"gc-test-form__top\">\n            <h1 class=\"gc-test-form__title\">Dois-je opter pour le freelancing AVEC ou SANS le statut d&#039;ind\u00e9pendant ?<\/h1>\n            <div>\n                <p>Vous ne savez pas quelle est la meilleure solution pour vous ? Apr\u00e8s un maximum de quatre questions, vous conna\u00eetrez la r\u00e9ponse.<\/p>\n\n            <\/div>\n\n            <div class=\"gc-test-form__form\">\n                [gravityform id=\u00a0\u00bb5&Prime; ajax=\u00a0\u00bbtrue\u00a0\u00bb title=\u00a0\u00bbfalse\u00a0\u00bb description=\u00a0\u00bbfalse\u00a0\u00bb]            <\/div>\n        <\/div>\n<\/div>\n<\/section>\n","protected":false},"excerpt":{"rendered":"","protected":false},"author":2,"featured_media":0,"parent":2078,"menu_order":0,"comment_status":"closed","ping_status":"closed","template":"","meta":{"_acf_changed":false,"footnotes":""},"class_list":["post-2073","page","type-page","status-publish","hentry"],"acf":[],"_links":{"self":[{"href":"https:\/\/staging.tentoo.be\/fr\/wp-json\/wp\/v2\/pages\/2073","targetHints":{"allow":["GET"]}}],"collection":[{"href":"https:\/\/staging.tentoo.be\/fr\/wp-json\/wp\/v2\/pages"}],"about":[{"href":"https:\/\/staging.tentoo.be\/fr\/wp-json\/wp\/v2\/types\/page"}],"author":[{"embeddable":true,"href":"https:\/\/staging.tentoo.be\/fr\/wp-json\/wp\/v2\/users\/2"}],"replies":[{"embeddable":true,"href":"https:\/\/staging.tentoo.be\/fr\/wp-json\/wp\/v2\/comments?post=2073"}],"version-history":[{"count":2,"href":"https:\/\/staging.tentoo.be\/fr\/wp-json\/wp\/v2\/pages\/2073\/revisions"}],"predecessor-version":[{"id":6595,"href":"https:\/\/staging.tentoo.be\/fr\/wp-json\/wp\/v2\/pages\/2073\/revisions\/6595"}],"up":[{"embeddable":true,"href":"https:\/\/staging.tentoo.be\/fr\/wp-json\/wp\/v2\/pages\/2078"}],"wp:attachment":[{"href":"https:\/\/staging.tentoo.be\/fr\/wp-json\/wp\/v2\/media?parent=2073"}],"curies":[{"name":"wp","href":"https:\/\/api.w.org\/{rel}","templated":true}]}}