{"id":2077,"date":"2023-02-24T13:45:44","date_gmt":"2023-02-24T12:45:44","guid":{"rendered":"https:\/\/staging.tentoo.be\/emplois\/"},"modified":"2023-11-27T11:23:32","modified_gmt":"2023-11-27T10:23:32","slug":"emplois","status":"publish","type":"page","link":"https:\/\/staging.tentoo.be\/fr\/emplois\/","title":{"rendered":"Emplois"},"content":{"rendered":"<!--\n Title: Hero\n-->\n\n\n\n\n<div class=\"gc-hero gc-hero--\" >\n            <!--\n\tTitle: Container\n\tMode: preview\n\tSupportsJSX: true\n-->\n\n\n<div class=\"gc-container\">\n\t<div class=\"gc-breadcrumbs gc-hero__breadcrumbs\">\n    [rank_math_breadcrumb]<\/div>\n<\/div>\n    \n    \n    \n    <!--\n\tTitle: Container\n\tMode: preview\n\tSupportsJSX: true\n-->\n\n\n<div class=\"gc-container  gc-container--has-margin gc-hero__content-container\">\n\t<div class=\"gc-hero__content\">\n                            <h1 class=\"gc-hero__title\">\n                    Travailler chez Tentoo\n                <\/h1>\n            \n            \n                            <div class=\"gc-hero__subtitle h4\">\n                    Allez-vous devenir notre nouveau coll\u00e8gue pr\u00e9f\u00e9r\u00e9 ?\n                <\/div>\n            \n            \n                    <\/div>\n<\/div>\n\n            <div class=\"gc-decorative-element gc-decorative-element--jaune gc-decorative-element--negative-margin\">\n<\/div>\n    <\/div>\n\n\n<!--\n Title: Content with visual\n-->\n\n<section class=\"gc-cwv gc-cwv--\" >\n        <!--\n\tTitle: Container\n\tMode: preview\n\tSupportsJSX: true\n-->\n\n\n<div class=\"gc-container   gc-cwv__container\">\n\t<div class=\"gc-cwv__content-wrapper\">\n            <div class=\"gc-cwv__visual\">\n                                    <figure class=\"gc-cwv__image-wrapper\">\n            <img loading=\"lazy\" decoding=\"async\" width=\"683\" height=\"1024\" src=\"https:\/\/staging.tentoo.be\/wp-content\/uploads\/Copyright-JelleJansegersPhotography-SMA-Tentoo-31-01-3865-310123-0036-1-683x1024.jpg\" class=\"gc-cwv__image\" alt=\"akkoord HR nieuwe werknemer\" srcset=\"https:\/\/staging.tentoo.be\/wp-content\/uploads\/Copyright-JelleJansegersPhotography-SMA-Tentoo-31-01-3865-310123-0036-1-683x1024.jpg 683w, https:\/\/staging.tentoo.be\/wp-content\/uploads\/Copyright-JelleJansegersPhotography-SMA-Tentoo-31-01-3865-310123-0036-1-200x300.jpg 200w, https:\/\/staging.tentoo.be\/wp-content\/uploads\/Copyright-JelleJansegersPhotography-SMA-Tentoo-31-01-3865-310123-0036-1-768x1152.jpg 768w, https:\/\/staging.tentoo.be\/wp-content\/uploads\/Copyright-JelleJansegersPhotography-SMA-Tentoo-31-01-3865-310123-0036-1-1024x1536.jpg 1024w, https:\/\/staging.tentoo.be\/wp-content\/uploads\/Copyright-JelleJansegersPhotography-SMA-Tentoo-31-01-3865-310123-0036-1-1365x2048.jpg 1365w, https:\/\/staging.tentoo.be\/wp-content\/uploads\/Copyright-JelleJansegersPhotography-SMA-Tentoo-31-01-3865-310123-0036-1-scaled.jpg 1707w\" sizes=\"auto, (max-width: 683px) 100vw, 683px\" \/>        <\/figure>\n                                 <\/div>\n            <div class=\"gc-cwv__content\">\n                                     <div class=\"gc-heading  gc-cwv__heading\">\n\t<h2 class=\"gc-heading__title h2\">\n\t\t\n\t<\/h2>\t<\/div>\n                    <div class=\"gc-cwv__text\">\n                        <p>Tentoo, qui fait partie du groupe international Brisker, poss\u00e8de des ann\u00e9es d&rsquo;exp\u00e9rience dans les diff\u00e9rents domaines des RH. Notre mission ? Faciliter le travail en freelance. Gr\u00e2ce \u00e0 notre plateforme num\u00e9rique et \u00e0 notre service personnalis\u00e9, nous offrons donc une solution totale aux freelances sans le statut d&rsquo;ind\u00e9pendant, leur permettant de faire ce qu&rsquo;ils aiment faire et ce pour quoi ils sont dou\u00e9s.<\/p>\n<p>Mais pour que cela se produise, nous avons \u00e9videmment besoin d&rsquo;une \u00e9quipe solide avant tout. Nous recherchons des personnes ayant le c\u0153ur pour les RH, une passion pour le travail num\u00e9rique &#8211; et une affinit\u00e9 pour un mode de travail personnalis\u00e9. En d&rsquo;autres termes : \u00eates-vous le coll\u00e8gue pr\u00e9f\u00e9r\u00e9 que nous recherchons ?<\/p>\n<p>D\u00e9couvrez les postes vacants et postulez d\u00e8s aujourd&rsquo;hui !<\/p>\n<p>&nbsp;<\/p>\n\n                    <\/div>\n                                                                \n                                                                            \n                        <div class=\"gc-cwv__buttons \">\n                                                            <a class=\"gc-button gc-button--green\" role=\"button\" href=\"https:\/\/staging.tentoo.be\/fr\/offre-emploi\/business-development-manager\/\">\n\t\tVacance Business Development Manager\n\t<\/a>                                                    <\/div>\n                                                <\/div>\n        <\/div>\n<\/div>\n<\/section>\n\n\n<!--\n Title: Content with visual\n-->\n\n<section class=\"gc-cwv gc-cwv--is-reversed gc-cwv--remove-margin-top gc-cwv--image-contain gc-cwv--\" >\n        <!--\n\tTitle: Container\n\tMode: preview\n\tSupportsJSX: true\n-->\n\n\n<div class=\"gc-container   gc-cwv__container\">\n\t<div class=\"gc-cwv__content-wrapper\">\n            <div class=\"gc-cwv__visual\">\n                                    <figure class=\"gc-cwv__image-wrapper\">\n            <img loading=\"lazy\" decoding=\"async\" width=\"683\" height=\"1024\" src=\"https:\/\/staging.tentoo.be\/wp-content\/uploads\/Untitled-design-2.png\" class=\"gc-cwv__image\" alt=\"Great Place to Work certificate Tentoo\" srcset=\"https:\/\/staging.tentoo.be\/wp-content\/uploads\/Untitled-design-2.png 683w, https:\/\/staging.tentoo.be\/wp-content\/uploads\/Untitled-design-2-200x300.png 200w\" sizes=\"auto, (max-width: 683px) 100vw, 683px\" \/>        <\/figure>\n                                 <\/div>\n            <div class=\"gc-cwv__content\">\n                                     <div class=\"gc-heading  gc-cwv__heading\">\n\t<h2 class=\"gc-heading__title h2\">\n\t\tGreat Place to Work\n\t<\/h2>\t<\/div>\n                    <div class=\"gc-cwv__text\">\n                        <p>Nous sommes fiers que Tentoo soit \u00e9galement officiellement certifi\u00e9 comme <a href=\"https:\/\/www.greatplacetowork.be\/en\/certified-companies\/tentoo\">Great Place to Work<\/a>. Cette distinction confirme notre engagement permanent en faveur d&rsquo;un environnement de travail ouvert \u00e0 tous, o\u00f9 l&rsquo;honn\u00eatet\u00e9, la fiert\u00e9, le respect mutuel et la camaraderie sont essentiels.<br \/>\nEn travaillant chez Tentoo, vous faites partie d&rsquo;une communaut\u00e9 qui vous soutient, vous inspire et vous motive.<\/p>\n<p>Vous recherchez un environnement de travail qui vous permette de vous \u00e9panouir ? Nous accueillons \u00e0 bras ouverts les professionnels talentueux qui souhaitent contribuer \u00e0 notre r\u00e9ussite.<\/p>\n<p>Rejoignez notre \u00e9quipe et d\u00e9couvrez par vous-m\u00eame pourquoi Tentoo est un endroit o\u00f9 il fait bon travailler !<\/p>\n\n                    <\/div>\n                                                                    <\/div>\n        <\/div>\n<\/div>\n<\/section>\n\n\n<!--\n Title: Jobs\n Mode: preview\n-->\n\n<div class=\"gc-jobs\" >\n    <!--\n\tTitle: Container\n\tMode: preview\n\tSupportsJSX: true\n-->\n\n\n<div class=\"gc-container  gc-container--has-margin gc-jobs__container\">\n\t<ul class=\"gc-jobs__list\">\n                            <li class=\"gc-job-item\">\n\t<a href=\"https:\/\/staging.tentoo.be\/fr\/offre-emploi\/business-development-manager\/\" class=\"gc-job-item__link\">\n\t\t<img loading=\"lazy\" decoding=\"async\" width=\"1024\" height=\"683\" src=\"https:\/\/staging.tentoo.be\/wp-content\/uploads\/Copyright-JelleJansegersPhotography-SMA-Tentoo-31-01-3639-310123-0008-1024x683.jpg\" class=\"gc-job-item__thumbnail\" alt=\"Man met tattoos belt al lachend\" srcset=\"https:\/\/staging.tentoo.be\/wp-content\/uploads\/Copyright-JelleJansegersPhotography-SMA-Tentoo-31-01-3639-310123-0008-1024x683.jpg 1024w, https:\/\/staging.tentoo.be\/wp-content\/uploads\/Copyright-JelleJansegersPhotography-SMA-Tentoo-31-01-3639-310123-0008-300x200.jpg 300w, https:\/\/staging.tentoo.be\/wp-content\/uploads\/Copyright-JelleJansegersPhotography-SMA-Tentoo-31-01-3639-310123-0008-768x512.jpg 768w, https:\/\/staging.tentoo.be\/wp-content\/uploads\/Copyright-JelleJansegersPhotography-SMA-Tentoo-31-01-3639-310123-0008-1536x1024.jpg 1536w, https:\/\/staging.tentoo.be\/wp-content\/uploads\/Copyright-JelleJansegersPhotography-SMA-Tentoo-31-01-3639-310123-0008-2048x1365.jpg 2048w\" sizes=\"auto, (max-width: 1024px) 100vw, 1024px\" \/>\t\t<div class=\"gc-job-item__content\">\n\t\t\t<h3 class=\"gc-job-item__title\">\n\t\t\t\tBusiness Development Manager\n\t\t\t<\/h3>\n\t\t\t\t\t\t\t<div class=\"gc-job-item__type\">\n\t\t\t\t\tFull time\n\t\t\t\t<\/div>\n\t\t\t\t\t\t\t\t\t<div class=\"gc-job-item__excerpt\">\n\t\t\t\t\u00cates-vous pr\u00eat pour une nouvelle aventure commerciale ? En tant que Business Development Manager chez Tentoo, vous stimulerez la direction commerciale tout en travaillant avec une \u00e9quipe passionn\u00e9e.\n\t\t\t<\/div>\n\t\t\t<div class=\"gc-job-item__more\">\n\t\t\t\tEn savoir plus\n\t\t\t\t<svg class='gc-job-item__arrow' xmlns=\"http:\/\/www.w3.org\/2000\/svg\" viewBox=\"0 0 256 512\"><!--! Font Awesome Pro 6.0.0 by @fontawesome - https:\/\/fontawesome.com License - https:\/\/fontawesome.com\/license (Commercial License) Copyright 2022 Fonticons, Inc. --><path d=\"M89.45 87.5l143.1 152c4.375 4.625 6.562 10.56 6.562 16.5c0 5.937-2.188 11.87-6.562 16.5l-143.1 152C80.33 434.1 65.14 434.5 55.52 425.4c-9.688-9.125-10.03-24.38-.9375-33.94l128.4-135.5l-128.4-135.5C45.49 110.9 45.83 95.75 55.52 86.56C65.14 77.47 80.33 77.87 89.45 87.5z\"\/><\/svg>\t\t\t<\/div>\n\t\t<\/div>\n\t<\/a>\n<\/li>\n                    <\/ul>\n<\/div>\n<\/div>\n\n\n<!--\n Title: CTA\n-->\n\n<section class=\"gc-cta gc-cta--blue gc-cta--image-position-right\" >\n            <div class=\"gc-cta__image-wrapper\">\n            <img loading=\"lazy\" decoding=\"async\" width=\"2560\" height=\"1707\" src=\"https:\/\/staging.tentoo.be\/wp-content\/uploads\/Copyright-JelleJansegersPhotography-SMA-Tentoo-31-01-3884-310123-0038-scaled.jpg\" class=\"gc-cta__image\" alt=\"vrouw luistert naar sollicitante\" srcset=\"https:\/\/staging.tentoo.be\/wp-content\/uploads\/Copyright-JelleJansegersPhotography-SMA-Tentoo-31-01-3884-310123-0038-scaled.jpg 2560w, https:\/\/staging.tentoo.be\/wp-content\/uploads\/Copyright-JelleJansegersPhotography-SMA-Tentoo-31-01-3884-310123-0038-300x200.jpg 300w, https:\/\/staging.tentoo.be\/wp-content\/uploads\/Copyright-JelleJansegersPhotography-SMA-Tentoo-31-01-3884-310123-0038-1024x683.jpg 1024w, https:\/\/staging.tentoo.be\/wp-content\/uploads\/Copyright-JelleJansegersPhotography-SMA-Tentoo-31-01-3884-310123-0038-768x512.jpg 768w, https:\/\/staging.tentoo.be\/wp-content\/uploads\/Copyright-JelleJansegersPhotography-SMA-Tentoo-31-01-3884-310123-0038-1536x1024.jpg 1536w, https:\/\/staging.tentoo.be\/wp-content\/uploads\/Copyright-JelleJansegersPhotography-SMA-Tentoo-31-01-3884-310123-0038-2048x1365.jpg 2048w\" sizes=\"auto, (max-width: 2560px) 100vw, 2560px\" \/>        <\/div>\n    \n    <!--\n\tTitle: Container\n\tMode: preview\n\tSupportsJSX: true\n-->\n\n\n<div class=\"gc-container   gc-cta__content-wrapper\">\n\t<div class=\"gc-cta__content\">\n            <h2 class=\"gc-cta__title\">\n                Envoyez-nous votre CV\n            <\/h2>\n\n                            <div class=\"gc-cta__subtitle h4\">\n                    Vous ne trouvez pas de poste vacant appropri\u00e9 ici ? Contactez-nous sans engagement et qui sait, vous pourriez nous convaincre de votre talent.\n                <\/div>\n            \n            \n                                                        <div class=\"gc-cta__form\">\n                            [gravityform id=\u00a0\u00bb7&Prime; ajax=\u00a0\u00bbtrue\u00a0\u00bb title=\u00a0\u00bbfalse\u00a0\u00bb description=\u00a0\u00bbfalse\u00a0\u00bb]\n                        <\/div>\n                                            <\/div>\n<\/div>\n<\/section>\n","protected":false},"excerpt":{"rendered":"","protected":false},"author":2,"featured_media":0,"parent":0,"menu_order":0,"comment_status":"closed","ping_status":"closed","template":"","meta":{"_acf_changed":false,"footnotes":""},"class_list":["post-2077","page","type-page","status-publish","hentry"],"acf":[],"_links":{"self":[{"href":"https:\/\/staging.tentoo.be\/fr\/wp-json\/wp\/v2\/pages\/2077","targetHints":{"allow":["GET"]}}],"collection":[{"href":"https:\/\/staging.tentoo.be\/fr\/wp-json\/wp\/v2\/pages"}],"about":[{"href":"https:\/\/staging.tentoo.be\/fr\/wp-json\/wp\/v2\/types\/page"}],"author":[{"embeddable":true,"href":"https:\/\/staging.tentoo.be\/fr\/wp-json\/wp\/v2\/users\/2"}],"replies":[{"embeddable":true,"href":"https:\/\/staging.tentoo.be\/fr\/wp-json\/wp\/v2\/comments?post=2077"}],"version-history":[{"count":10,"href":"https:\/\/staging.tentoo.be\/fr\/wp-json\/wp\/v2\/pages\/2077\/revisions"}],"predecessor-version":[{"id":6540,"href":"https:\/\/staging.tentoo.be\/fr\/wp-json\/wp\/v2\/pages\/2077\/revisions\/6540"}],"wp:attachment":[{"href":"https:\/\/staging.tentoo.be\/fr\/wp-json\/wp\/v2\/media?parent=2077"}],"curies":[{"name":"wp","href":"https:\/\/api.w.org\/{rel}","templated":true}]}}