{"id":6167,"date":"2023-10-25T10:48:43","date_gmt":"2023-10-25T08:48:43","guid":{"rendered":"https:\/\/staging.tentoo.be\/webinaire-gratuit\/"},"modified":"2023-12-04T15:18:56","modified_gmt":"2023-12-04T14:18:56","slug":"webinaire-gratuit","status":"publish","type":"page","link":"https:\/\/staging.tentoo.be\/fr\/independants\/freelancing-sans-statut-dindependant\/webinaire-gratuit\/","title":{"rendered":"Webinaire gratuit"},"content":{"rendered":"<!--\n Title: Hero\n-->\n\n\n\n\n<div class=\"gc-hero gc-hero--\" >\n            <!--\n\tTitle: Container\n\tMode: preview\n\tSupportsJSX: true\n-->\n\n\n<div class=\"gc-container\">\n\t<div class=\"gc-breadcrumbs gc-hero__breadcrumbs\">\n    [rank_math_breadcrumb]<\/div>\n<\/div>\n    \n    \n    \n    <!--\n\tTitle: Container\n\tMode: preview\n\tSupportsJSX: true\n-->\n\n\n<div class=\"gc-container  gc-container--has-margin gc-hero__content-container gc-hero__content-container--small-margin\">\n\t<div class=\"gc-hero__content\">\n                            <h1 class=\"gc-hero__title\">\n                    Webinaire\n                <\/h1>\n            \n            \n                            <div class=\"gc-hero__subtitle h4\">\n                    Travailler en free-lance sans devenir ind\u00e9pendant, c&rsquo;est possible !\n                <\/div>\n            \n                            <div class=\"gc-hero__description\">\n                    <p><span style=\"font-weight: 400;\">Vous souhaitez vous lancer dans le freelancing mais le statut d&rsquo;ind\u00e9pendant vous rebute ? Dans ce webinaire, vous apprendrez comment travailler en free-lance sans devenir ind\u00e9pendant : la libert\u00e9 sans la complexit\u00e9 !<\/span><\/p>\n\n                <\/div>\n            \n                            <div class=\"gc-hero__buttons gc-hero__buttons--list\">\n                                            <div class=\"gc-hero__button-wrapper\">\n                            <a class=\"gc-button gc-button--red gc-hero__button\" role=\"button\" href=\"#download-webinaire\">\n\t\tT\u00e9l\u00e9charger gratuitement\n\t<\/a>\n                                                    <\/div>\n                                    <\/div>\n                    <\/div>\n<\/div>\n\n            <div class=\"gc-decorative-element gc-decorative-element--green gc-decorative-element--negative-margin\">\n<\/div>\n    <\/div>\n\n\n<!--\n Title: Content with form\n-->\n\n<section id=download-webinaire>\n    <!--\n\tTitle: Container\n\tMode: preview\n\tSupportsJSX: true\n-->\n\n\n<div class=\"gc-container  gc-container--has-margin gc-cwf__wrapper\">\n\t<div class=\"gc-cwf__content\">\n            <h2 class=\"gc-cwf__title\">T\u00e9l\u00e9chargement gratuit<\/h2>\n            <div class=\"gc-cwf__description\">\n                <p>Remplissez le formulaire et obtenez le <strong>t\u00e9l\u00e9chargement gratuit<\/strong>.<\/p>\n<ul>\n<li>Travailler de mani\u00e8re flexible pour plusieurs clients\/employeurs<\/li>\n<li>Conservez vos <a href=\"https:\/\/staging.tentoo.be\/fr\/independants\/freelancing-sans-statut-dindependant\/\">avantages en tant que salari\u00e9<\/a><\/li>\n<li>Apprendre le fonctionnement simple de <a href=\"https:\/\/staging.tentoo.be\/fr\/payrolling\/\">\u00ab\u00a0payrolling<\/a>\u00ab\u00a0<\/li>\n<li>D\u00e9couvrez notre <a href=\"https:\/\/staging.tentoo.be\/fr\/plateforme\/\">plateforme<\/a> num\u00e9rique enti\u00e8rement automatis\u00e9e<\/li>\n<\/ul>\n\n\n                            <\/div>\n\n                            <div class=\"gc-cwf__visual-wrapper\">\n                    <img loading=\"lazy\" decoding=\"async\" width=\"1024\" height=\"1024\" src=\"https:\/\/staging.tentoo.be\/wp-content\/uploads\/FR-1-1-1024x1024.png\" class=\"gc-cwf__image\" alt=\"screenshot webinaire\" srcset=\"https:\/\/staging.tentoo.be\/wp-content\/uploads\/FR-1-1-1024x1024.png 1024w, https:\/\/staging.tentoo.be\/wp-content\/uploads\/FR-1-1-e1698240771634-150x150.png 150w\" sizes=\"auto, (max-width: 1024px) 100vw, 1024px\" \/>                <\/div>\n                    <\/div>\n\n        <div class=\"gc-cwf__form\">\n                            <div class=\"gc-cwf__form-title h3\">T\u00e9l\u00e9charger le webinaire gratuit<\/div>\n            \n            [gravityform id=\u00a0\u00bb6&Prime; ajax=\u00a0\u00bbtrue\u00a0\u00bb title=\u00a0\u00bbfalse\u00a0\u00bb description=\u00a0\u00bbfalse\u00a0\u00bb]\n        <\/div>\n<\/div>\n<\/section>\n\n\n<!--\n Title: Icons\n-->\n<section class=\"gc-icons\" >\n    <!--\n\tTitle: Container\n\tMode: preview\n\tSupportsJSX: true\n-->\n\n\n<div class=\"gc-container  gc-container--has-margin\">\n\t<h2 class=\"gc-icons__title h3\">Pourquoi choisir Tentoo<\/h2>\n        \n        <ul class=\"gc-icons__items\">\n                            <li class=\"gc-icons__item\">\n                    <div class=\"gc-icons__icon\">\n                        <img loading=\"lazy\" decoding=\"async\" width=\"41\" height=\"37\" src=\"https:\/\/staging.tentoo.be\/wp-content\/uploads\/hourglass-clock-1.svg\" class=\"\" alt=\"\" \/>                    <\/div>\n\n                    <div class=\"gc-icons__description h5\">Le freelancing \u00e0 votre propre rythme<\/div>\n                <\/li>\n                            <li class=\"gc-icons__item\">\n                    <div class=\"gc-icons__icon\">\n                        <img loading=\"lazy\" decoding=\"async\" width=\"37\" height=\"35\" src=\"https:\/\/staging.tentoo.be\/wp-content\/uploads\/briefcase-1.svg\" class=\"\" alt=\"professioneel advies koffer\" \/>                    <\/div>\n\n                    <div class=\"gc-icons__description h5\">D\u00e9terminez vos propres missions<\/div>\n                <\/li>\n                            <li class=\"gc-icons__item\">\n                    <div class=\"gc-icons__icon\">\n                        <img loading=\"lazy\" decoding=\"async\" width=\"24\" height=\"33\" src=\"https:\/\/staging.tentoo.be\/wp-content\/uploads\/eur-1.svg\" class=\"\" alt=\"euro\" \/>                    <\/div>\n\n                    <div class=\"gc-icons__description h5\">Paiement garanti<\/div>\n                <\/li>\n                            <li class=\"gc-icons__item\">\n                    <div class=\"gc-icons__icon\">\n                        <img loading=\"lazy\" decoding=\"async\" width=\"46\" height=\"33\" src=\"https:\/\/staging.tentoo.be\/wp-content\/uploads\/cloud-check-blue.svg\" class=\"\" alt=\"\" \/>                    <\/div>\n\n                    <div class=\"gc-icons__description h5\">D\u00e9charge administrative<\/div>\n                <\/li>\n                    <\/ul>\n<\/div>\n<\/section>\n\n\n<!--\n Title: Articles with thumbnail\n-->\n\n<section class=\"gc-articles-with-thumbnail\" >\n    <!--\n\tTitle: Container\n\tMode: preview\n\tSupportsJSX: true\n-->\n\n\n<div class=\"gc-container  gc-container--has-margin\">\n\t<ul class=\"gc-articles-with-thumbnail__list\">\n                            <li>\n                    <div class=\"gc-articles-with-thumbnail__thumbnail\">\n                        <img loading=\"lazy\" decoding=\"async\" width=\"1024\" height=\"683\" src=\"https:\/\/staging.tentoo.be\/wp-content\/uploads\/Copyright-JelleJansegersPhotography-SMA-Tentoo-31-01-3680-310123-0015-1024x683.jpg\" class=\"gc-articles-with-thumbnail__image\" alt=\"Man geeft pesentatie\" srcset=\"https:\/\/staging.tentoo.be\/wp-content\/uploads\/Copyright-JelleJansegersPhotography-SMA-Tentoo-31-01-3680-310123-0015-1024x683.jpg 1024w, https:\/\/staging.tentoo.be\/wp-content\/uploads\/Copyright-JelleJansegersPhotography-SMA-Tentoo-31-01-3680-310123-0015-300x200.jpg 300w, https:\/\/staging.tentoo.be\/wp-content\/uploads\/Copyright-JelleJansegersPhotography-SMA-Tentoo-31-01-3680-310123-0015-768x512.jpg 768w, https:\/\/staging.tentoo.be\/wp-content\/uploads\/Copyright-JelleJansegersPhotography-SMA-Tentoo-31-01-3680-310123-0015-1536x1024.jpg 1536w, https:\/\/staging.tentoo.be\/wp-content\/uploads\/Copyright-JelleJansegersPhotography-SMA-Tentoo-31-01-3680-310123-0015-2048x1365.jpg 2048w\" sizes=\"auto, (max-width: 1024px) 100vw, 1024px\" \/>                    <\/div>\n                    <h3 class=\"gc-articles-with-thumbnail__title h4\">\n                        Qu&rsquo;est-ce que le payrolling, et pourquoi est-il utile?\n                    <\/h3>\n                    <div class=\"gc-articles-with-thumbnail__excerpt\">\n                        De plus en plus de personnes travaillent sous le statut de freelance, ce qui ne fait que rendre le syst\u00e8me de r\u00e9mun\u00e9ration plus pertinent. \n                    <\/div>\n                    <a class=\"gc-button\" role=\"button\" href=\"https:\/\/staging.tentoo.be\/fr\/quest-ce-que-le-payrolling\/\">\n\t\tD\u00e9couvrir plus\n\t<\/a>                <\/li>\n                            <li>\n                    <div class=\"gc-articles-with-thumbnail__thumbnail\">\n                        <img loading=\"lazy\" decoding=\"async\" width=\"1024\" height=\"640\" src=\"https:\/\/staging.tentoo.be\/wp-content\/uploads\/margaux-1024x640.jpg\" class=\"gc-articles-with-thumbnail__image\" alt=\"Margaux Deckers\" srcset=\"https:\/\/staging.tentoo.be\/wp-content\/uploads\/margaux-1024x640.jpg 1024w, https:\/\/staging.tentoo.be\/wp-content\/uploads\/margaux-300x188.jpg 300w, https:\/\/staging.tentoo.be\/wp-content\/uploads\/margaux-768x480.jpg 768w, https:\/\/staging.tentoo.be\/wp-content\/uploads\/margaux.jpg 1080w\" sizes=\"auto, (max-width: 1024px) 100vw, 1024px\" \/>                    <\/div>\n                    <h3 class=\"gc-articles-with-thumbnail__title h4\">\n                        Une journ\u00e9e dans la peau d\u2019une free-lance: Margaux Deckers\n                    <\/h3>\n                    <div class=\"gc-articles-with-thumbnail__excerpt\">\n                        \u00ab Gr\u00e2ce \u00e0 Tentoo, je ne baisse pas les bras lors des p\u00e9riodes plus difficiles.\u00bb Lisez l&rsquo;histoire du freelance aux multiples talents Margaux Deckers.\n                    <\/div>\n                    <a class=\"gc-button\" role=\"button\" href=\"https:\/\/staging.tentoo.be\/fr\/une-journee-dans-la-peau-de-margaux-deckers\/\">\n\t\tD\u00e9couvrir plus\n\t<\/a>                <\/li>\n                            <li>\n                    <div class=\"gc-articles-with-thumbnail__thumbnail\">\n                        <img loading=\"lazy\" decoding=\"async\" width=\"1024\" height=\"683\" src=\"https:\/\/staging.tentoo.be\/wp-content\/uploads\/Copyright-JelleJansegersPhotography-SMA-Tentoo-31-01-3569-310123-0005-1024x683.jpg\" class=\"gc-articles-with-thumbnail__image\" alt=\"Gesprek met klant\" srcset=\"https:\/\/staging.tentoo.be\/wp-content\/uploads\/Copyright-JelleJansegersPhotography-SMA-Tentoo-31-01-3569-310123-0005-1024x683.jpg 1024w, https:\/\/staging.tentoo.be\/wp-content\/uploads\/Copyright-JelleJansegersPhotography-SMA-Tentoo-31-01-3569-310123-0005-300x200.jpg 300w, https:\/\/staging.tentoo.be\/wp-content\/uploads\/Copyright-JelleJansegersPhotography-SMA-Tentoo-31-01-3569-310123-0005-768x512.jpg 768w, https:\/\/staging.tentoo.be\/wp-content\/uploads\/Copyright-JelleJansegersPhotography-SMA-Tentoo-31-01-3569-310123-0005-1536x1024.jpg 1536w, https:\/\/staging.tentoo.be\/wp-content\/uploads\/Copyright-JelleJansegersPhotography-SMA-Tentoo-31-01-3569-310123-0005-2048x1365.jpg 2048w\" sizes=\"auto, (max-width: 1024px) 100vw, 1024px\" \/>                    <\/div>\n                    <h3 class=\"gc-articles-with-thumbnail__title h4\">\n                        Statut d\u2019ind\u00e9pendant ou payrolling: que choisir\u00a0?\n                    <\/h3>\n                    <div class=\"gc-articles-with-thumbnail__excerpt\">\n                        Celui ou celle qui veut travailler de mani\u00e8re flexible, se pose t\u00f4t ou tard la question: comment y arriver au mieux? Devenir travailleur ind\u00e9pendant ou via payrolling? Nous vous aidons \u00e0 faire un choix.\n                    <\/div>\n                    <a class=\"gc-button\" role=\"button\" href=\"https:\/\/staging.tentoo.be\/fr\/statut-dindependant-ou-payrolling-que-choisir\/\">\n\t\tD\u00e9couvrir plus\n\t<\/a>                <\/li>\n                            <li>\n                    <div class=\"gc-articles-with-thumbnail__thumbnail\">\n                        <img loading=\"lazy\" decoding=\"async\" width=\"1024\" height=\"683\" src=\"https:\/\/staging.tentoo.be\/wp-content\/uploads\/pexels-nataliya-vaitkevich-6863260-1024x683.jpg\" class=\"gc-articles-with-thumbnail__image\" alt=\"taxes need help\" srcset=\"https:\/\/staging.tentoo.be\/wp-content\/uploads\/pexels-nataliya-vaitkevich-6863260-1024x683.jpg 1024w, https:\/\/staging.tentoo.be\/wp-content\/uploads\/pexels-nataliya-vaitkevich-6863260-300x200.jpg 300w, https:\/\/staging.tentoo.be\/wp-content\/uploads\/pexels-nataliya-vaitkevich-6863260-768x512.jpg 768w, https:\/\/staging.tentoo.be\/wp-content\/uploads\/pexels-nataliya-vaitkevich-6863260-1536x1024.jpg 1536w, https:\/\/staging.tentoo.be\/wp-content\/uploads\/pexels-nataliya-vaitkevich-6863260-2048x1365.jpg 2048w\" sizes=\"auto, (max-width: 1024px) 100vw, 1024px\" \/>                    <\/div>\n                    <h3 class=\"gc-articles-with-thumbnail__title h4\">\n                        Pourquoi une vie de free-lance vous conviendrait ou pas\u00a0\n                    <\/h3>\n                    <div class=\"gc-articles-with-thumbnail__excerpt\">\n                        Vous envisagez de vous lancer en tant que free-lance? D\u00e9couvrez les avantages et les inconv\u00e9nients ici.\n                    <\/div>\n                    <a class=\"gc-button\" role=\"button\" href=\"https:\/\/staging.tentoo.be\/fr\/pourquoi-une-vie-de-free-lance-vous-conviendrait-ou-pas\/\">\n\t\tD\u00e9couvrir plus\n\t<\/a>                <\/li>\n                    <\/ul>\n<\/div>\n<\/section>\n","protected":false},"excerpt":{"rendered":"","protected":false},"author":2,"featured_media":0,"parent":2148,"menu_order":0,"comment_status":"closed","ping_status":"closed","template":"","meta":{"_acf_changed":false,"footnotes":""},"class_list":["post-6167","page","type-page","status-publish","hentry"],"acf":[],"_links":{"self":[{"href":"https:\/\/staging.tentoo.be\/fr\/wp-json\/wp\/v2\/pages\/6167","targetHints":{"allow":["GET"]}}],"collection":[{"href":"https:\/\/staging.tentoo.be\/fr\/wp-json\/wp\/v2\/pages"}],"about":[{"href":"https:\/\/staging.tentoo.be\/fr\/wp-json\/wp\/v2\/types\/page"}],"author":[{"embeddable":true,"href":"https:\/\/staging.tentoo.be\/fr\/wp-json\/wp\/v2\/users\/2"}],"replies":[{"embeddable":true,"href":"https:\/\/staging.tentoo.be\/fr\/wp-json\/wp\/v2\/comments?post=6167"}],"version-history":[{"count":9,"href":"https:\/\/staging.tentoo.be\/fr\/wp-json\/wp\/v2\/pages\/6167\/revisions"}],"predecessor-version":[{"id":6189,"href":"https:\/\/staging.tentoo.be\/fr\/wp-json\/wp\/v2\/pages\/6167\/revisions\/6189"}],"up":[{"embeddable":true,"href":"https:\/\/staging.tentoo.be\/fr\/wp-json\/wp\/v2\/pages\/2148"}],"wp:attachment":[{"href":"https:\/\/staging.tentoo.be\/fr\/wp-json\/wp\/v2\/media?parent=6167"}],"curies":[{"name":"wp","href":"https:\/\/api.w.org\/{rel}","templated":true}]}}