{"id":7254,"date":"2024-03-15T09:59:04","date_gmt":"2024-03-15T08:59:04","guid":{"rendered":"https:\/\/staging.tentoo.be\/partenaires\/"},"modified":"2024-03-15T10:06:05","modified_gmt":"2024-03-15T09:06:05","slug":"partenaires","status":"publish","type":"page","link":"https:\/\/staging.tentoo.be\/fr\/partenaires\/","title":{"rendered":"Partenaires"},"content":{"rendered":"<!--\n Title: Hero\n-->\n\n\n\n\n<div class=\"gc-hero gc-hero--\" >\n            <!--\n\tTitle: Container\n\tMode: preview\n\tSupportsJSX: true\n-->\n\n\n<div class=\"gc-container\">\n\t<div class=\"gc-breadcrumbs gc-hero__breadcrumbs\">\n    [rank_math_breadcrumb]<\/div>\n<\/div>\n    \n    \n    \n    <!--\n\tTitle: Container\n\tMode: preview\n\tSupportsJSX: true\n-->\n\n\n<div class=\"gc-container  gc-container--has-margin gc-hero__content-container\">\n\t<div class=\"gc-hero__content\">\n                            <h1 class=\"gc-hero__title\">\n                    Partenaires\n                <\/h1>\n            \n            \n            \n            \n                    <\/div>\n<\/div>\n\n            <div class=\"gc-decorative-element gc-decorative-element--yellow gc-decorative-element--negative-margin\">\n<\/div>\n    <\/div>\n\n\n<!--\n Title: Content with visual\n-->\n\n<section class=\"gc-cwv gc-cwv--remove-margin-top gc-cwv--\" >\n        <!--\n\tTitle: Container\n\tMode: preview\n\tSupportsJSX: true\n-->\n\n\n<div class=\"gc-container   gc-cwv__container\">\n\t<div class=\"gc-cwv__content-wrapper\">\n            <div class=\"gc-cwv__visual\">\n                                    <figure class=\"gc-cwv__image-wrapper\">\n            <img loading=\"lazy\" decoding=\"async\" width=\"500\" height=\"380\" src=\"https:\/\/staging.tentoo.be\/wp-content\/uploads\/freelancers-in-belgium-logo.png\" class=\"gc-cwv__image\" alt=\"\" srcset=\"https:\/\/staging.tentoo.be\/wp-content\/uploads\/freelancers-in-belgium-logo.png 500w, https:\/\/staging.tentoo.be\/wp-content\/uploads\/freelancers-in-belgium-logo-300x228.png 300w\" sizes=\"auto, (max-width: 500px) 100vw, 500px\" \/>        <\/figure>\n                                 <\/div>\n            <div class=\"gc-cwv__content\">\n                                     <div class=\"gc-heading  gc-cwv__heading\">\n\t<h2 class=\"gc-heading__title h2\">\n\t\t\n\t<\/h2>\t<\/div>\n                    <div class=\"gc-cwv__text\">\n                        <p>Communaut\u00e9 avec un objectif clair : faciliter la vie des freelances en Belgique et am\u00e9liorer l&rsquo;image du freelancing.<\/p>\n\n                    <\/div>\n                                                                \n                                                                                                                                        \n                        <div class=\"gc-cwv__buttons gc-cwv__buttons--has-arrows\">\n                                                            <a class=\"gc-button gc-button--arrow-transparent\" role=\"button\" href=\"https:\/\/freelancersinbelgium.be\/\">\n\t\tWebsite Freelancers in Belgium\n            <svg class='gc-button__icon' xmlns=\"http:\/\/www.w3.org\/2000\/svg\" viewBox=\"0 0 256 512\"><!--! Font Awesome Pro 6.0.0 by @fontawesome - https:\/\/fontawesome.com License - https:\/\/fontawesome.com\/license (Commercial License) Copyright 2022 Fonticons, Inc. --><path d=\"M89.45 87.5l143.1 152c4.375 4.625 6.562 10.56 6.562 16.5c0 5.937-2.188 11.87-6.562 16.5l-143.1 152C80.33 434.1 65.14 434.5 55.52 425.4c-9.688-9.125-10.03-24.38-.9375-33.94l128.4-135.5l-128.4-135.5C45.49 110.9 45.83 95.75 55.52 86.56C65.14 77.47 80.33 77.87 89.45 87.5z\"\/><\/svg>\n\t<\/a>                                                    <\/div>\n                                                <\/div>\n        <\/div>\n<\/div>\n<\/section>\n\n\n<!--\n Title: Content with visual\n-->\n\n<section class=\"gc-cwv gc-cwv--remove-margin-top gc-cwv--\" >\n        <!--\n\tTitle: Container\n\tMode: preview\n\tSupportsJSX: true\n-->\n\n\n<div class=\"gc-container   gc-cwv__container\">\n\t<div class=\"gc-cwv__content-wrapper\">\n            <div class=\"gc-cwv__visual\">\n                                    <figure class=\"gc-cwv__image-wrapper\">\n            <img loading=\"lazy\" decoding=\"async\" width=\"500\" height=\"380\" src=\"https:\/\/staging.tentoo.be\/wp-content\/uploads\/bifff-logo.png\" class=\"gc-cwv__image\" alt=\"\" srcset=\"https:\/\/staging.tentoo.be\/wp-content\/uploads\/bifff-logo.png 500w, https:\/\/staging.tentoo.be\/wp-content\/uploads\/bifff-logo-300x228.png 300w\" sizes=\"auto, (max-width: 500px) 100vw, 500px\" \/>        <\/figure>\n                                 <\/div>\n            <div class=\"gc-cwv__content\">\n                                     <div class=\"gc-heading  gc-cwv__heading\">\n\t<h2 class=\"gc-heading__title h2\">\n\t\t\n\t<\/h2>\t<\/div>\n                    <div class=\"gc-cwv__text\">\n                        <p>Le Festival international du film fantastique de Bruxelles (BIFFF) est un festival de films spectaculaires de science-fiction, d&rsquo;horreur, fantastiques et cultes.<\/p>\n\n                    <\/div>\n                                                                \n                                                                                                                                        \n                        <div class=\"gc-cwv__buttons gc-cwv__buttons--has-arrows\">\n                                                            <a class=\"gc-button gc-button--arrow-transparent\" role=\"button\" href=\"https:\/\/www.bifff.net\/\">\n\t\tWebsite BIFFF\n            <svg class='gc-button__icon' xmlns=\"http:\/\/www.w3.org\/2000\/svg\" viewBox=\"0 0 256 512\"><!--! Font Awesome Pro 6.0.0 by @fontawesome - https:\/\/fontawesome.com License - https:\/\/fontawesome.com\/license (Commercial License) Copyright 2022 Fonticons, Inc. --><path d=\"M89.45 87.5l143.1 152c4.375 4.625 6.562 10.56 6.562 16.5c0 5.937-2.188 11.87-6.562 16.5l-143.1 152C80.33 434.1 65.14 434.5 55.52 425.4c-9.688-9.125-10.03-24.38-.9375-33.94l128.4-135.5l-128.4-135.5C45.49 110.9 45.83 95.75 55.52 86.56C65.14 77.47 80.33 77.87 89.45 87.5z\"\/><\/svg>\n\t<\/a>                                                    <\/div>\n                                                <\/div>\n        <\/div>\n<\/div>\n<\/section>\n\n\n<!--\n Title: Content with visual\n-->\n\n<section class=\"gc-cwv gc-cwv--\" >\n        <!--\n\tTitle: Container\n\tMode: preview\n\tSupportsJSX: true\n-->\n\n\n<div class=\"gc-container   gc-cwv__container\">\n\t<div class=\"gc-cwv__content-wrapper\">\n            <div class=\"gc-cwv__visual\">\n                                    <figure class=\"gc-cwv__image-wrapper\">\n            <img loading=\"lazy\" decoding=\"async\" width=\"500\" height=\"380\" src=\"https:\/\/staging.tentoo.be\/wp-content\/uploads\/jef-logo.png\" class=\"gc-cwv__image\" alt=\"\" srcset=\"https:\/\/staging.tentoo.be\/wp-content\/uploads\/jef-logo.png 500w, https:\/\/staging.tentoo.be\/wp-content\/uploads\/jef-logo-300x228.png 300w\" sizes=\"auto, (max-width: 500px) 100vw, 500px\" \/>        <\/figure>\n                                 <\/div>\n            <div class=\"gc-cwv__content\">\n                                     <div class=\"gc-heading  gc-cwv__heading\">\n\t<h2 class=\"gc-heading__title h2\">\n\t\t\n\t<\/h2>\t<\/div>\n                    <div class=\"gc-cwv__text\">\n                        <p>JEF permet \u00e0 chacun de trouver ou d&rsquo;offrir facilement de bons films et jeux pour la jeunesse. \u00c9largir les perspectives des enfants et des jeunes. Encourager l&rsquo;exp\u00e9rimentation et la cr\u00e9ation.<\/p>\n\n                    <\/div>\n                                                                \n                                                                                                                                        \n                        <div class=\"gc-cwv__buttons gc-cwv__buttons--has-arrows\">\n                                                            <a class=\"gc-button gc-button--arrow-transparent\" role=\"button\" href=\"https:\/\/www.jeugdfilm.be\/\">\n\t\tWebsite J.E.F.\n            <svg class='gc-button__icon' xmlns=\"http:\/\/www.w3.org\/2000\/svg\" viewBox=\"0 0 256 512\"><!--! Font Awesome Pro 6.0.0 by @fontawesome - https:\/\/fontawesome.com License - https:\/\/fontawesome.com\/license (Commercial License) Copyright 2022 Fonticons, Inc. --><path d=\"M89.45 87.5l143.1 152c4.375 4.625 6.562 10.56 6.562 16.5c0 5.937-2.188 11.87-6.562 16.5l-143.1 152C80.33 434.1 65.14 434.5 55.52 425.4c-9.688-9.125-10.03-24.38-.9375-33.94l128.4-135.5l-128.4-135.5C45.49 110.9 45.83 95.75 55.52 86.56C65.14 77.47 80.33 77.87 89.45 87.5z\"\/><\/svg>\n\t<\/a>                                                    <\/div>\n                                                <\/div>\n        <\/div>\n<\/div>\n<\/section>\n\n\n<!--\n Title: Content with visual\n-->\n\n<section class=\"gc-cwv gc-cwv--\" >\n        <!--\n\tTitle: Container\n\tMode: preview\n\tSupportsJSX: true\n-->\n\n\n<div class=\"gc-container   gc-cwv__container\">\n\t<div class=\"gc-cwv__content-wrapper\">\n            <div class=\"gc-cwv__visual\">\n                                    <figure class=\"gc-cwv__image-wrapper\">\n            <img loading=\"lazy\" decoding=\"async\" width=\"1024\" height=\"538\" src=\"https:\/\/staging.tentoo.be\/wp-content\/uploads\/Bunker-Gallery-2-1024x538.png\" class=\"gc-cwv__image\" alt=\"Bunker Gallery\" srcset=\"https:\/\/staging.tentoo.be\/wp-content\/uploads\/Bunker-Gallery-2-1024x538.png 1024w, https:\/\/staging.tentoo.be\/wp-content\/uploads\/Bunker-Gallery-2-300x158.png 300w, https:\/\/staging.tentoo.be\/wp-content\/uploads\/Bunker-Gallery-2-768x403.png 768w, https:\/\/staging.tentoo.be\/wp-content\/uploads\/Bunker-Gallery-2-1536x806.png 1536w, https:\/\/staging.tentoo.be\/wp-content\/uploads\/Bunker-Gallery-2.png 1800w\" sizes=\"auto, (max-width: 1024px) 100vw, 1024px\" \/>        <\/figure>\n                                 <\/div>\n            <div class=\"gc-cwv__content\">\n                                     <div class=\"gc-heading  gc-cwv__heading\">\n\t<h2 class=\"gc-heading__title h2\">\n\t\t\n\t<\/h2>\t<\/div>\n                    <div class=\"gc-cwv__text\">\n                        <div>La galerie Bunker est une plateforme artistique qui promeut la photographie et l&rsquo;art avec une individualit\u00e9 ind\u00e9niable.<\/div>\n<div><\/div>\n<div>Vos avantages en tant que freelance Tentoo:<\/div>\n<ul>\n<div><span style=\"text-decoration: underline;\">En tant que photographe (art\/mode\/fid\u00e9lit\u00e9\/produit\/&#8230;):<\/span><\/div>\n<ul>\n<li>15% de r\u00e9duction pour l&rsquo;impression de photos grand format \u00e0 partir du format A3 \/ 5% de r\u00e9duction sur les tirages A4<\/li>\n<li>5% de r\u00e9duction sur les listes<\/li>\n<li>20% de r\u00e9duction sur la location du studio, y compris l&rsquo;\u00e9quipement<\/li>\n<li>Aide au choix du mat\u00e9riau et de la couleur.<\/li>\n<\/ul>\n<\/li>\n<\/ul>\n<\/li>\n<\/ul>\n<div><span style=\"text-decoration: underline;\">En tant que photographe d&rsquo;art affili\u00e9 \u00e0 Bunker:<\/span><\/div>\n<ul>\n<li>Membre gratuit<\/li>\n<li>15% de r\u00e9duction pour l&rsquo;impression de photos grand format \u00e0 partir du format A3 \/ 5% de r\u00e9duction sur les tirages A4<\/li>\n<li>5% de r\u00e9duction sur les listes<\/li>\n<li>4 heures de location gratuite du studio, y compris l&rsquo;\u00e9quipement, puis 20% de r\u00e9duction<\/li>\n<li>Test d&rsquo;impression gratuit<\/li>\n<li>Exposition sur le site web avec mention sur Instagram\/LinkedIn\/Facebook\/envoi postal.<\/li>\n<li>Un r\u00e9seau de passionn\u00e9s de photographie d&rsquo;art<\/li>\n<li>Un r\u00e9seau de photographes pour cr\u00e9er des id\u00e9es et des collaborations<\/li>\n<li>Possibilit\u00e9 de participer aux expositions temporaires et aux foires du Bunker<\/li>\n<\/ul>\n<\/li>\n<\/ul>\n\n                    <\/div>\n                                                                \n                                                                                                                                        \n                        <div class=\"gc-cwv__buttons gc-cwv__buttons--has-arrows\">\n                                                            <a class=\"gc-button gc-button--arrow-transparent\" role=\"button\" href=\"https:\/\/www.bunker.gallery\/partnered-fotograaf-worden\/\">\n\t\tWebsite Bunker Gallery\n            <svg class='gc-button__icon' xmlns=\"http:\/\/www.w3.org\/2000\/svg\" viewBox=\"0 0 256 512\"><!--! Font Awesome Pro 6.0.0 by @fontawesome - https:\/\/fontawesome.com License - https:\/\/fontawesome.com\/license (Commercial License) Copyright 2022 Fonticons, Inc. --><path d=\"M89.45 87.5l143.1 152c4.375 4.625 6.562 10.56 6.562 16.5c0 5.937-2.188 11.87-6.562 16.5l-143.1 152C80.33 434.1 65.14 434.5 55.52 425.4c-9.688-9.125-10.03-24.38-.9375-33.94l128.4-135.5l-128.4-135.5C45.49 110.9 45.83 95.75 55.52 86.56C65.14 77.47 80.33 77.87 89.45 87.5z\"\/><\/svg>\n\t<\/a>                                                    <\/div>\n                                                <\/div>\n        <\/div>\n<\/div>\n<\/section>\n\n\n<!--\n Title: CTA\n-->\n\n<section class=\"gc-cta gc-cta--green gc-cta--image-position-right\" >\n            <div class=\"gc-cta__image-wrapper\">\n            <img loading=\"lazy\" decoding=\"async\" width=\"2560\" height=\"1707\" src=\"https:\/\/staging.tentoo.be\/wp-content\/uploads\/Copyright-JelleJansegersPhotography-SMA-Tentoo-31-01-3884-310123-0038-scaled.jpg\" class=\"gc-cta__image\" alt=\"vrouw luistert naar sollicitante\" srcset=\"https:\/\/staging.tentoo.be\/wp-content\/uploads\/Copyright-JelleJansegersPhotography-SMA-Tentoo-31-01-3884-310123-0038-scaled.jpg 2560w, https:\/\/staging.tentoo.be\/wp-content\/uploads\/Copyright-JelleJansegersPhotography-SMA-Tentoo-31-01-3884-310123-0038-300x200.jpg 300w, https:\/\/staging.tentoo.be\/wp-content\/uploads\/Copyright-JelleJansegersPhotography-SMA-Tentoo-31-01-3884-310123-0038-1024x683.jpg 1024w, https:\/\/staging.tentoo.be\/wp-content\/uploads\/Copyright-JelleJansegersPhotography-SMA-Tentoo-31-01-3884-310123-0038-768x512.jpg 768w, https:\/\/staging.tentoo.be\/wp-content\/uploads\/Copyright-JelleJansegersPhotography-SMA-Tentoo-31-01-3884-310123-0038-1536x1024.jpg 1536w, https:\/\/staging.tentoo.be\/wp-content\/uploads\/Copyright-JelleJansegersPhotography-SMA-Tentoo-31-01-3884-310123-0038-2048x1365.jpg 2048w\" sizes=\"auto, (max-width: 2560px) 100vw, 2560px\" \/>        <\/div>\n    \n    <!--\n\tTitle: Container\n\tMode: preview\n\tSupportsJSX: true\n-->\n\n\n<div class=\"gc-container   gc-cta__content-wrapper\">\n\t<div class=\"gc-cta__content\">\n            <h2 class=\"gc-cta__title\">\n                Vous souhaitez collaborer avec Tentoo?\n            <\/h2>\n\n            \n            \n                                                        <div class=\"gc-cta__form\">\n                            [gravityform id=\u00a0\u00bb2&Prime; ajax=\u00a0\u00bbtrue\u00a0\u00bb title=\u00a0\u00bbfalse\u00a0\u00bb description=\u00a0\u00bbfalse\u00a0\u00bb]\n                        <\/div>\n                                            <\/div>\n<\/div>\n<\/section>\n","protected":false},"excerpt":{"rendered":"","protected":false},"author":2,"featured_media":0,"parent":0,"menu_order":0,"comment_status":"closed","ping_status":"closed","template":"","meta":{"_acf_changed":false,"footnotes":""},"class_list":["post-7254","page","type-page","status-publish","hentry"],"acf":[],"_links":{"self":[{"href":"https:\/\/staging.tentoo.be\/fr\/wp-json\/wp\/v2\/pages\/7254","targetHints":{"allow":["GET"]}}],"collection":[{"href":"https:\/\/staging.tentoo.be\/fr\/wp-json\/wp\/v2\/pages"}],"about":[{"href":"https:\/\/staging.tentoo.be\/fr\/wp-json\/wp\/v2\/types\/page"}],"author":[{"embeddable":true,"href":"https:\/\/staging.tentoo.be\/fr\/wp-json\/wp\/v2\/users\/2"}],"replies":[{"embeddable":true,"href":"https:\/\/staging.tentoo.be\/fr\/wp-json\/wp\/v2\/comments?post=7254"}],"version-history":[{"count":6,"href":"https:\/\/staging.tentoo.be\/fr\/wp-json\/wp\/v2\/pages\/7254\/revisions"}],"predecessor-version":[{"id":7272,"href":"https:\/\/staging.tentoo.be\/fr\/wp-json\/wp\/v2\/pages\/7254\/revisions\/7272"}],"wp:attachment":[{"href":"https:\/\/staging.tentoo.be\/fr\/wp-json\/wp\/v2\/media?parent=7254"}],"curies":[{"name":"wp","href":"https:\/\/api.w.org\/{rel}","templated":true}]}}